{"id":2480,"date":"2022-12-14T13:50:23","date_gmt":"2022-12-14T13:50:23","guid":{"rendered":"https:\/\/muzeum-niepodleglosci.eu\/?page_id=2480"},"modified":"2022-12-15T11:20:54","modified_gmt":"2022-12-15T11:20:54","slug":"downloadable-logos","status":"publish","type":"page","link":"https:\/\/mauzoleum-szucha.muzn.pl\/pl\/downloadable-logos\/","title":{"rendered":"Logotypy do pobrania"},"content":{"rendered":"<p><a href=\"https:\/\/muzn.pl\/wp-content\/uploads\/2022\/12\/19428f88-mn_logo_main.pdf\">Muzeum Niepodleg\u0142o\u015bci logo kolor<\/a><\/p>\n<p><a href=\"https:\/\/muzn.pl\/wp-content\/uploads\/2022\/12\/065a648d-mn_logo_szary-1.pdf\">Muzeum Niepodleg\u0142o\u015bci logo szare<\/a><\/p>","protected":false},"excerpt":{"rendered":"<p>Muzeum Niepodleg\u0142o\u015bci logo kolor Muzeum Niepodleg\u0142o\u015bci logo szare<\/p>\n","protected":false},"author":12,"featured_media":0,"parent":0,"menu_order":0,"comment_status":"closed","ping_status":"closed","template":"page_media.php","meta":{"_acf_changed":false,"footnotes":""},"class_list":["post-2480","page","type-page","status-publish","hentry"],"acf":[],"_links":{"self":[{"href":"https:\/\/mauzoleum-szucha.muzn.pl\/pl\/wp-json\/wp\/v2\/pages\/2480","targetHints":{"allow":["GET"]}}],"collection":[{"href":"https:\/\/mauzoleum-szucha.muzn.pl\/pl\/wp-json\/wp\/v2\/pages"}],"about":[{"href":"https:\/\/mauzoleum-szucha.muzn.pl\/pl\/wp-json\/wp\/v2\/types\/page"}],"author":[{"embeddable":true,"href":"https:\/\/mauzoleum-szucha.muzn.pl\/pl\/wp-json\/wp\/v2\/users\/12"}],"replies":[{"embeddable":true,"href":"https:\/\/mauzoleum-szucha.muzn.pl\/pl\/wp-json\/wp\/v2\/comments?post=2480"}],"version-history":[{"count":5,"href":"https:\/\/mauzoleum-szucha.muzn.pl\/pl\/wp-json\/wp\/v2\/pages\/2480\/revisions"}],"predecessor-version":[{"id":2695,"href":"https:\/\/mauzoleum-szucha.muzn.pl\/pl\/wp-json\/wp\/v2\/pages\/2480\/revisions\/2695"}],"wp:attachment":[{"href":"https:\/\/mauzoleum-szucha.muzn.pl\/pl\/wp-json\/wp\/v2\/media?parent=2480"}],"curies":[{"name":"wp","href":"https:\/\/api.w.org\/{rel}","templated":true}]}}