{"id":2482,"date":"2022-12-14T13:51:15","date_gmt":"2022-12-14T13:51:15","guid":{"rendered":"https:\/\/muzeum-niepodleglosci.eu\/?page_id=2482"},"modified":"2024-02-02T13:58:52","modified_gmt":"2024-02-02T13:58:52","slug":"press-contact","status":"publish","type":"page","link":"https:\/\/mauzoleum-szucha.muzn.pl\/pl\/press-contact\/","title":{"rendered":"Kontakt dla medi\u00f3w"},"content":{"rendered":"<p><\/p>\n<p><b>Agata Olenderek<\/b><br \/>\nDzia\u0142 Promocji i Marketingu<br \/>\nMuzeum Niepodleg\u0142o\u015bci w Warszawie<br \/>\nAl. Solidarno\u015bci 62<br \/>\n00-240 Warszawa<br \/>\na.olenderek@muzn.pl<br \/>\nTel: 22 826-90-93, 533-625-165<\/p>\n<p><\/p>","protected":false},"excerpt":{"rendered":"<p>Agata Olenderek Dzia\u0142 Promocji i Marketingu Muzeum Niepodleg\u0142o\u015bci w Warszawie Al. Solidarno\u015bci 62 00-240 Warszawa a.olenderek@muzn.pl Tel: 22 826-90-93, 533-625-165<\/p>\n","protected":false},"author":12,"featured_media":0,"parent":0,"menu_order":0,"comment_status":"closed","ping_status":"closed","template":"page_media.php","meta":{"_acf_changed":false,"footnotes":""},"class_list":["post-2482","page","type-page","status-publish","hentry"],"acf":[],"_links":{"self":[{"href":"https:\/\/mauzoleum-szucha.muzn.pl\/pl\/wp-json\/wp\/v2\/pages\/2482","targetHints":{"allow":["GET"]}}],"collection":[{"href":"https:\/\/mauzoleum-szucha.muzn.pl\/pl\/wp-json\/wp\/v2\/pages"}],"about":[{"href":"https:\/\/mauzoleum-szucha.muzn.pl\/pl\/wp-json\/wp\/v2\/types\/page"}],"author":[{"embeddable":true,"href":"https:\/\/mauzoleum-szucha.muzn.pl\/pl\/wp-json\/wp\/v2\/users\/12"}],"replies":[{"embeddable":true,"href":"https:\/\/mauzoleum-szucha.muzn.pl\/pl\/wp-json\/wp\/v2\/comments?post=2482"}],"version-history":[{"count":4,"href":"https:\/\/mauzoleum-szucha.muzn.pl\/pl\/wp-json\/wp\/v2\/pages\/2482\/revisions"}],"predecessor-version":[{"id":5322,"href":"https:\/\/mauzoleum-szucha.muzn.pl\/pl\/wp-json\/wp\/v2\/pages\/2482\/revisions\/5322"}],"wp:attachment":[{"href":"https:\/\/mauzoleum-szucha.muzn.pl\/pl\/wp-json\/wp\/v2\/media?parent=2482"}],"curies":[{"name":"wp","href":"https:\/\/api.w.org\/{rel}","templated":true}]}}